{"id":973,"date":"2023-12-27T06:12:00","date_gmt":"2023-12-27T06:12:00","guid":{"rendered":"https:\/\/sleeve.savaclinic.com\/instituciones-contratadas\/"},"modified":"2023-12-27T07:48:36","modified_gmt":"2023-12-27T07:48:36","slug":"instituciones-contratadas","status":"publish","type":"page","link":"https:\/\/sleeve.savaclinic.com\/es\/instituciones-contratadas\/","title":{"rendered":"Contracted Institutions"},"content":{"rendered":"\t\t<div data-elementor-type=\"wp-page\" data-elementor-id=\"973\" class=\"elementor elementor-973\" data-elementor-post-type=\"page\">\n\t\t\t\t<div class=\"elementor-element elementor-element-a7058b6 e-flex e-con-boxed e-con e-parent\" data-id=\"a7058b6\" data-element_type=\"container\" data-settings=\"{&quot;background_background&quot;:&quot;classic&quot;}\">\n\t\t\t\t\t<div class=\"e-con-inner\">\n\t\t\t\t<div class=\"elementor-element elementor-element-0e0f348 elementor-widget elementor-widget-heading\" data-id=\"0e0f348\" data-element_type=\"widget\" data-widget_type=\"heading.default\">\n\t\t\t\t<div class=\"elementor-widget-container\">\n\t\t\t<style>\/*! elementor - v3.21.0 - 08-05-2024 *\/\n.elementor-heading-title{padding:0;margin:0;line-height:1}.elementor-widget-heading .elementor-heading-title[class*=elementor-size-]>a{color:inherit;font-size:inherit;line-height:inherit}.elementor-widget-heading .elementor-heading-title.elementor-size-small{font-size:15px}.elementor-widget-heading .elementor-heading-title.elementor-size-medium{font-size:19px}.elementor-widget-heading .elementor-heading-title.elementor-size-large{font-size:29px}.elementor-widget-heading .elementor-heading-title.elementor-size-xl{font-size:39px}.elementor-widget-heading .elementor-heading-title.elementor-size-xxl{font-size:59px}<\/style><h2 class=\"elementor-heading-title elementor-size-default\">Contracted Institutions<\/h2>\t\t<\/div>\n\t\t\t\t<\/div>\n\t\t\t\t\t<\/div>\n\t\t\t\t<\/div>\n\t\t<div class=\"elementor-element elementor-element-69d6eb1 e-flex e-con-boxed e-con e-parent\" data-id=\"69d6eb1\" data-element_type=\"container\">\n\t\t\t\t\t<div class=\"e-con-inner\">\n\t\t<div class=\"elementor-element elementor-element-7f204dc e-con-full e-flex e-con e-child\" data-id=\"7f204dc\" data-element_type=\"container\">\n\t\t\t\t<div class=\"elementor-element elementor-element-d15d338 elementor-widget elementor-widget-image\" data-id=\"d15d338\" data-element_type=\"widget\" data-widget_type=\"image.default\">\n\t\t\t\t<div class=\"elementor-widget-container\">\n\t\t\t<style>\/*! elementor - v3.21.0 - 08-05-2024 *\/\n.elementor-widget-image{text-align:center}.elementor-widget-image a{display:inline-block}.elementor-widget-image a img[src$=\".svg\"]{width:48px}.elementor-widget-image img{vertical-align:middle;display:inline-block}<\/style>\t\t\t\t\t\t\t\t\t\t<img fetchpriority=\"high\" decoding=\"async\" width=\"680\" height=\"453\" src=\"https:\/\/sleeve.savaclinic.com\/wp-content\/uploads\/2023\/12\/2023-04-20.jpg\" class=\"attachment-large size-large wp-image-960\" alt=\"\" srcset=\"https:\/\/sleeve.savaclinic.com\/wp-content\/uploads\/2023\/12\/2023-04-20.jpg 680w, https:\/\/sleeve.savaclinic.com\/wp-content\/uploads\/2023\/12\/2023-04-20-300x200.jpg 300w\" sizes=\"(max-width: 680px) 100vw, 680px\" \/>\t\t\t\t\t\t\t\t\t\t\t\t\t<\/div>\n\t\t\t\t<\/div>\n\t\t\t\t<\/div>\n\t\t<div class=\"elementor-element elementor-element-aa3d400 e-con-full e-flex e-con e-child\" data-id=\"aa3d400\" data-element_type=\"container\">\n\t\t\t\t<div class=\"elementor-element elementor-element-674d563 elementor-widget elementor-widget-heading\" data-id=\"674d563\" data-element_type=\"widget\" data-widget_type=\"heading.default\">\n\t\t\t\t<div class=\"elementor-widget-container\">\n\t\t\t<h2 class=\"elementor-heading-title elementor-size-default\">Dr.Nadire Tuncer<\/h2>\t\t<\/div>\n\t\t\t\t<\/div>\n\t\t\t\t<div class=\"elementor-element elementor-element-70698f7 elementor-widget-divider--view-line elementor-widget elementor-widget-divider\" data-id=\"70698f7\" data-element_type=\"widget\" data-widget_type=\"divider.default\">\n\t\t\t\t<div class=\"elementor-widget-container\">\n\t\t\t<style>\/*! elementor - v3.21.0 - 08-05-2024 *\/\n.elementor-widget-divider{--divider-border-style:none;--divider-border-width:1px;--divider-color:#0c0d0e;--divider-icon-size:20px;--divider-element-spacing:10px;--divider-pattern-height:24px;--divider-pattern-size:20px;--divider-pattern-url:none;--divider-pattern-repeat:repeat-x}.elementor-widget-divider .elementor-divider{display:flex}.elementor-widget-divider .elementor-divider__text{font-size:15px;line-height:1;max-width:95%}.elementor-widget-divider .elementor-divider__element{margin:0 var(--divider-element-spacing);flex-shrink:0}.elementor-widget-divider .elementor-icon{font-size:var(--divider-icon-size)}.elementor-widget-divider .elementor-divider-separator{display:flex;margin:0;direction:ltr}.elementor-widget-divider--view-line_icon .elementor-divider-separator,.elementor-widget-divider--view-line_text .elementor-divider-separator{align-items:center}.elementor-widget-divider--view-line_icon .elementor-divider-separator:after,.elementor-widget-divider--view-line_icon .elementor-divider-separator:before,.elementor-widget-divider--view-line_text .elementor-divider-separator:after,.elementor-widget-divider--view-line_text .elementor-divider-separator:before{display:block;content:\"\";border-block-end:0;flex-grow:1;border-block-start:var(--divider-border-width) var(--divider-border-style) var(--divider-color)}.elementor-widget-divider--element-align-left .elementor-divider .elementor-divider-separator>.elementor-divider__svg:first-of-type{flex-grow:0;flex-shrink:100}.elementor-widget-divider--element-align-left .elementor-divider-separator:before{content:none}.elementor-widget-divider--element-align-left .elementor-divider__element{margin-left:0}.elementor-widget-divider--element-align-right .elementor-divider .elementor-divider-separator>.elementor-divider__svg:last-of-type{flex-grow:0;flex-shrink:100}.elementor-widget-divider--element-align-right .elementor-divider-separator:after{content:none}.elementor-widget-divider--element-align-right .elementor-divider__element{margin-right:0}.elementor-widget-divider--element-align-start .elementor-divider .elementor-divider-separator>.elementor-divider__svg:first-of-type{flex-grow:0;flex-shrink:100}.elementor-widget-divider--element-align-start .elementor-divider-separator:before{content:none}.elementor-widget-divider--element-align-start .elementor-divider__element{margin-inline-start:0}.elementor-widget-divider--element-align-end .elementor-divider .elementor-divider-separator>.elementor-divider__svg:last-of-type{flex-grow:0;flex-shrink:100}.elementor-widget-divider--element-align-end .elementor-divider-separator:after{content:none}.elementor-widget-divider--element-align-end .elementor-divider__element{margin-inline-end:0}.elementor-widget-divider:not(.elementor-widget-divider--view-line_text):not(.elementor-widget-divider--view-line_icon) .elementor-divider-separator{border-block-start:var(--divider-border-width) var(--divider-border-style) var(--divider-color)}.elementor-widget-divider--separator-type-pattern{--divider-border-style:none}.elementor-widget-divider--separator-type-pattern.elementor-widget-divider--view-line .elementor-divider-separator,.elementor-widget-divider--separator-type-pattern:not(.elementor-widget-divider--view-line) .elementor-divider-separator:after,.elementor-widget-divider--separator-type-pattern:not(.elementor-widget-divider--view-line) .elementor-divider-separator:before,.elementor-widget-divider--separator-type-pattern:not([class*=elementor-widget-divider--view]) .elementor-divider-separator{width:100%;min-height:var(--divider-pattern-height);-webkit-mask-size:var(--divider-pattern-size) 100%;mask-size:var(--divider-pattern-size) 100%;-webkit-mask-repeat:var(--divider-pattern-repeat);mask-repeat:var(--divider-pattern-repeat);background-color:var(--divider-color);-webkit-mask-image:var(--divider-pattern-url);mask-image:var(--divider-pattern-url)}.elementor-widget-divider--no-spacing{--divider-pattern-size:auto}.elementor-widget-divider--bg-round{--divider-pattern-repeat:round}.rtl .elementor-widget-divider .elementor-divider__text{direction:rtl}.e-con-inner>.elementor-widget-divider,.e-con>.elementor-widget-divider{width:var(--container-widget-width,100%);--flex-grow:var(--container-widget-flex-grow)}<\/style>\t\t<div class=\"elementor-divider\">\n\t\t\t<span class=\"elementor-divider-separator\">\n\t\t\t\t\t\t<\/span>\n\t\t<\/div>\n\t\t\t\t<\/div>\n\t\t\t\t<\/div>\n\t\t\t\t<div class=\"elementor-element elementor-element-e2c037e elementor-widget elementor-widget-text-editor\" data-id=\"e2c037e\" data-element_type=\"widget\" data-widget_type=\"text-editor.default\">\n\t\t\t\t<div class=\"elementor-widget-container\">\n\t\t\t<style>\/*! elementor - v3.21.0 - 08-05-2024 *\/\n.elementor-widget-text-editor.elementor-drop-cap-view-stacked .elementor-drop-cap{background-color:#69727d;color:#fff}.elementor-widget-text-editor.elementor-drop-cap-view-framed .elementor-drop-cap{color:#69727d;border:3px solid;background-color:transparent}.elementor-widget-text-editor:not(.elementor-drop-cap-view-default) .elementor-drop-cap{margin-top:8px}.elementor-widget-text-editor:not(.elementor-drop-cap-view-default) .elementor-drop-cap-letter{width:1em;height:1em}.elementor-widget-text-editor .elementor-drop-cap{float:left;text-align:center;line-height:1;font-size:50px}.elementor-widget-text-editor .elementor-drop-cap-letter{display:inline-block}<\/style>\t\t\t\t<p>La Dra. Nadire TUNCER complet\u00f3 con \u00e9xito su educaci\u00f3n m\u00e9dica, que comenz\u00f3 en la Facultad de Medicina de la Universidad Afyon Kocatepe en 2014, despu\u00e9s de sus t\u00edtulos de pregrado y recibi\u00f3 el t\u00edtulo de doctora en medicina.<\/p><p>que cumplieron con su obligaci\u00f3n de servicio obligatorio en el Centro de Salud de K\u00fc\u00e7\u00fckh\u00fcy\u00fckDr. Nadire TUNCERDespu\u00e9s de su servicio obligatorio, estableci\u00f3 su propia cl\u00ednica y comenz\u00f3 a servir aqu\u00ed.<\/p><p>Dr. Nadire TUNCER contin\u00faa sus estudios profesionales en su pr\u00e1ctica, que abri\u00f3 en 2017.<\/p>\t\t\t\t\t\t<\/div>\n\t\t\t\t<\/div>\n\t\t\t\t<\/div>\n\t\t<div class=\"elementor-element elementor-element-c2fc52a e-con-full e-flex e-con e-child\" data-id=\"c2fc52a\" data-element_type=\"container\">\n\t\t\t\t<div class=\"elementor-element elementor-element-3945603 elementor-widget elementor-widget-button\" data-id=\"3945603\" data-element_type=\"widget\" data-widget_type=\"button.default\">\n\t\t\t\t<div class=\"elementor-widget-container\">\n\t\t\t\t\t<div class=\"elementor-button-wrapper\">\n\t\t\t<a class=\"elementor-button elementor-button-link elementor-size-sm\" href=\"https:\/\/www.nadiretuncer.com\" target=\"_blank\">\n\t\t\t\t\t\t<span class=\"elementor-button-content-wrapper\">\n\t\t\t\t\t\t\t\t\t<span class=\"elementor-button-text\">https:\/\/www.nadiretuncer.com<\/span>\n\t\t\t\t\t<\/span>\n\t\t\t\t\t<\/a>\n\t\t<\/div>\n\t\t\t\t<\/div>\n\t\t\t\t<\/div>\n\t\t\t\t<\/div>\n\t\t\t\t\t<\/div>\n\t\t\t\t<\/div>\n\t\t<div class=\"elementor-element elementor-element-9d9615d e-flex e-con-boxed e-con e-parent\" data-id=\"9d9615d\" data-element_type=\"container\">\n\t\t\t\t\t<div class=\"e-con-inner\">\n\t\t<div class=\"elementor-element elementor-element-a97428f e-con-full e-flex e-con e-child\" data-id=\"a97428f\" data-element_type=\"container\">\n\t\t\t\t<div class=\"elementor-element elementor-element-28ad663 elementor-widget elementor-widget-image\" data-id=\"28ad663\" data-element_type=\"widget\" data-widget_type=\"image.default\">\n\t\t\t\t<div class=\"elementor-widget-container\">\n\t\t\t\t\t\t\t\t\t\t\t\t\t<img decoding=\"async\" width=\"300\" height=\"157\" src=\"https:\/\/sleeve.savaclinic.com\/wp-content\/uploads\/2023\/12\/Resim1.png\" class=\"attachment-large size-large wp-image-963\" alt=\"\" \/>\t\t\t\t\t\t\t\t\t\t\t\t\t<\/div>\n\t\t\t\t<\/div>\n\t\t\t\t<\/div>\n\t\t<div class=\"elementor-element elementor-element-fb1b78f e-con-full e-flex e-con e-child\" data-id=\"fb1b78f\" data-element_type=\"container\">\n\t\t\t\t<div class=\"elementor-element elementor-element-1cac259 elementor-widget elementor-widget-heading\" data-id=\"1cac259\" data-element_type=\"widget\" data-widget_type=\"heading.default\">\n\t\t\t\t<div class=\"elementor-widget-container\">\n\t\t\t<h2 class=\"elementor-heading-title elementor-size-default\">\u00d6zel Ba\u011fc\u0131lar A\u011f\u0131z ve Di\u015f Sa\u011fl\u0131\u011f\u0131 Merkezi<\/h2>\t\t<\/div>\n\t\t\t\t<\/div>\n\t\t\t\t<div class=\"elementor-element elementor-element-3634e3a elementor-widget-divider--view-line elementor-widget elementor-widget-divider\" data-id=\"3634e3a\" data-element_type=\"widget\" data-widget_type=\"divider.default\">\n\t\t\t\t<div class=\"elementor-widget-container\">\n\t\t\t\t\t<div class=\"elementor-divider\">\n\t\t\t<span class=\"elementor-divider-separator\">\n\t\t\t\t\t\t<\/span>\n\t\t<\/div>\n\t\t\t\t<\/div>\n\t\t\t\t<\/div>\n\t\t\t\t<div class=\"elementor-element elementor-element-e5584f9 elementor-widget elementor-widget-text-editor\" data-id=\"e5584f9\" data-element_type=\"widget\" data-widget_type=\"text-editor.default\">\n\t\t\t\t<div class=\"elementor-widget-container\">\n\t\t\t\t\t\t\t<p>La Cl\u00ednica Dental Serka Health, que es uno de los centros de tratamiento m\u00e1s populares en Estambul con sus unidades modernas, m\u00e9dicos especialistas, implantes alemanes de alta calidad y productos de tratamiento utilizados, puede tratar todos los problemas dentales de pacientes nacionales y extranjeros con m\u00e9todos de tratamiento nuevos y efectivos.<\/p>\t\t\t\t\t\t<\/div>\n\t\t\t\t<\/div>\n\t\t\t\t<\/div>\n\t\t<div class=\"elementor-element elementor-element-7eae715 e-con-full e-flex e-con e-child\" data-id=\"7eae715\" data-element_type=\"container\">\n\t\t\t\t<div class=\"elementor-element elementor-element-097e5d2 elementor-widget elementor-widget-button\" data-id=\"097e5d2\" data-element_type=\"widget\" data-widget_type=\"button.default\">\n\t\t\t\t<div class=\"elementor-widget-container\">\n\t\t\t\t\t<div class=\"elementor-button-wrapper\">\n\t\t\t<a class=\"elementor-button elementor-button-link elementor-size-sm\" href=\"https:\/\/bagcilaradsm.com\/\" target=\"_blank\">\n\t\t\t\t\t\t<span class=\"elementor-button-content-wrapper\">\n\t\t\t\t\t\t\t\t\t<span class=\"elementor-button-text\">https:\/\/bagcilaradsm.com\/<\/span>\n\t\t\t\t\t<\/span>\n\t\t\t\t\t<\/a>\n\t\t<\/div>\n\t\t\t\t<\/div>\n\t\t\t\t<\/div>\n\t\t\t\t<\/div>\n\t\t\t\t\t<\/div>\n\t\t\t\t<\/div>\n\t\t<div class=\"elementor-element elementor-element-5e3f53a e-flex e-con-boxed e-con e-parent\" data-id=\"5e3f53a\" data-element_type=\"container\">\n\t\t\t\t\t<div class=\"e-con-inner\">\n\t\t<div class=\"elementor-element elementor-element-e430d87 e-con-full e-flex e-con e-child\" data-id=\"e430d87\" data-element_type=\"container\">\n\t\t\t\t<div class=\"elementor-element elementor-element-a22d5a3 elementor-widget elementor-widget-image\" data-id=\"a22d5a3\" data-element_type=\"widget\" data-widget_type=\"image.default\">\n\t\t\t\t<div class=\"elementor-widget-container\">\n\t\t\t\t\t\t\t\t\t\t\t\t\t<img decoding=\"async\" width=\"556\" height=\"510\" src=\"https:\/\/sleeve.savaclinic.com\/wp-content\/uploads\/2023\/12\/2022-11-16.jpg\" class=\"attachment-large size-large wp-image-966\" alt=\"\" srcset=\"https:\/\/sleeve.savaclinic.com\/wp-content\/uploads\/2023\/12\/2022-11-16.jpg 556w, https:\/\/sleeve.savaclinic.com\/wp-content\/uploads\/2023\/12\/2022-11-16-300x275.jpg 300w\" sizes=\"(max-width: 556px) 100vw, 556px\" \/>\t\t\t\t\t\t\t\t\t\t\t\t\t<\/div>\n\t\t\t\t<\/div>\n\t\t\t\t<\/div>\n\t\t<div class=\"elementor-element elementor-element-91709bf e-con-full e-flex e-con e-child\" data-id=\"91709bf\" data-element_type=\"container\">\n\t\t\t\t<div class=\"elementor-element elementor-element-3648131 elementor-widget elementor-widget-heading\" data-id=\"3648131\" data-element_type=\"widget\" data-widget_type=\"heading.default\">\n\t\t\t\t<div class=\"elementor-widget-container\">\n\t\t\t<h2 class=\"elementor-heading-title elementor-size-default\"> Op. Dr. Berra \u00d6nsoy<\/h2>\t\t<\/div>\n\t\t\t\t<\/div>\n\t\t\t\t<div class=\"elementor-element elementor-element-45675dc elementor-widget-divider--view-line elementor-widget elementor-widget-divider\" data-id=\"45675dc\" data-element_type=\"widget\" data-widget_type=\"divider.default\">\n\t\t\t\t<div class=\"elementor-widget-container\">\n\t\t\t\t\t<div class=\"elementor-divider\">\n\t\t\t<span class=\"elementor-divider-separator\">\n\t\t\t\t\t\t<\/span>\n\t\t<\/div>\n\t\t\t\t<\/div>\n\t\t\t\t<\/div>\n\t\t\t\t<div class=\"elementor-element elementor-element-5c211e5 elementor-widget elementor-widget-text-editor\" data-id=\"5c211e5\" data-element_type=\"widget\" data-widget_type=\"text-editor.default\">\n\t\t\t\t<div class=\"elementor-widget-container\">\n\t\t\t\t\t\t\t<p>Op Dr. Berra Onsoy, quien naci\u00f3 en Estambul en 1973, recibi\u00f3 su educaci\u00f3n primaria y secundaria en Cavusolu College. Su t\u00edtulo de m\u00e9dico de la Facultad de Ingl\u00e9s de Cerrahpasa le fue otorgado en 1997. Complet\u00f3 su pasant\u00eda en la Universidad de South Cleveland en Inglaterra. Complet\u00f3 su residencia en obstetricia y ginecolog\u00eda en el Hospital de Capacitaci\u00f3n e Investigaci\u00f3n de Taksim entre 1997 y 2001.<br \/><br \/>Op Entre 2001 y 2003, la Dra. Berra Onsoy trabaj\u00f3 en el Hospital Avrasya. A trav\u00e9s de diversos cursos y congresos nacionales e internacionales, ha recibido formaci\u00f3n profesional. En Florya, Estambul, estableci\u00f3 la Cl\u00ednica Anew en 2018, que se especializa en dermatolog\u00eda y procedimientos cosm\u00e9ticos. En su pr\u00e1ctica privada, cuenta con 20 a\u00f1os de experiencia en las \u00e1reas de ginecolog\u00eda, obstetricia y ginecolog\u00eda est\u00e9tica.<br \/>Nuestro objetivo principal es que cada paciente se sienta atendido desde el momento en que reserva una cita hasta el momento en que se va. Valoramos su confianza en nuestra dedicaci\u00f3n para ayudarlo a alcanzar sus objetivos de salud.<br \/><br \/>Pruebas y Ultrasonido<br \/>Junto con el examen, ofrecemos una prueba de Papanicolaou, detecci\u00f3n de VPH, ultrasonido ginecol\u00f3gico y, si es necesario, procedimientos de biopsia. Con frecuencia tomamos decisiones r\u00e1pidas y obtenemos resultados r\u00e1pidos para poder avanzar con el plan que mejor se adapte a sus necesidades.<br \/><br \/>Planificaci\u00f3n f\u00e1cil<br \/>Para hacer una cita con nosotros, ll\u00e1menos o complete el formulario en l\u00ednea. Cuando sea m\u00e1s conveniente para su horario, haremos todo lo posible para ayudarlo lo antes posible.<br \/><br \/>Todo el personal femenino<br \/>Somos una cl\u00ednica con solo empleadas mujeres. A la luz de los hallazgos cient\u00edficos m\u00e1s recientes, nuestro equipo puede ayudarlo de inmediato porque conocemos sus necesidades y preocupaciones.<\/p>\t\t\t\t\t\t<\/div>\n\t\t\t\t<\/div>\n\t\t\t\t<\/div>\n\t\t<div class=\"elementor-element elementor-element-65b2c8f e-con-full e-flex e-con e-child\" data-id=\"65b2c8f\" data-element_type=\"container\">\n\t\t\t\t<div class=\"elementor-element elementor-element-0dbba06 elementor-widget elementor-widget-button\" data-id=\"0dbba06\" data-element_type=\"widget\" data-widget_type=\"button.default\">\n\t\t\t\t<div class=\"elementor-widget-container\">\n\t\t\t\t\t<div class=\"elementor-button-wrapper\">\n\t\t\t<a class=\"elementor-button elementor-button-link elementor-size-sm\" href=\"https:\/\/www.drberraonsoy.com\" target=\"_blank\">\n\t\t\t\t\t\t<span class=\"elementor-button-content-wrapper\">\n\t\t\t\t\t\t\t\t\t<span class=\"elementor-button-text\">https:\/\/www.drberraonsoy.com<\/span>\n\t\t\t\t\t<\/span>\n\t\t\t\t\t<\/a>\n\t\t<\/div>\n\t\t\t\t<\/div>\n\t\t\t\t<\/div>\n\t\t\t\t<\/div>\n\t\t\t\t\t<\/div>\n\t\t\t\t<\/div>\n\t\t\t\t<\/div>\n\t\t","protected":false},"excerpt":{"rendered":"<p>Dr.Nadire Tuncer Dr.\u00a0Nadire TUNCER successfully completed her medical education, which she started at Afyon Kocatepe University Faculty of Medicine in 2014, after her pre-bachelor degrees and received the title of medical doctor. who fulfilled their obligatory service obligation in K\u00fc\u00e7\u00fckh\u00fcy\u00fck Health CenterDr. Nadire TUNCERAfter his compulsory service, he established his own clinic and started to [&hellip;]<\/p>\n","protected":false},"author":1,"featured_media":0,"parent":0,"menu_order":0,"comment_status":"closed","ping_status":"closed","template":"elementor_header_footer","meta":{"footnotes":""},"class_list":["post-973","page","type-page","status-publish","hentry"],"aioseo_notices":[],"_links":{"self":[{"href":"https:\/\/sleeve.savaclinic.com\/es\/wp-json\/wp\/v2\/pages\/973","targetHints":{"allow":["GET"]}}],"collection":[{"href":"https:\/\/sleeve.savaclinic.com\/es\/wp-json\/wp\/v2\/pages"}],"about":[{"href":"https:\/\/sleeve.savaclinic.com\/es\/wp-json\/wp\/v2\/types\/page"}],"author":[{"embeddable":true,"href":"https:\/\/sleeve.savaclinic.com\/es\/wp-json\/wp\/v2\/users\/1"}],"replies":[{"embeddable":true,"href":"https:\/\/sleeve.savaclinic.com\/es\/wp-json\/wp\/v2\/comments?post=973"}],"version-history":[{"count":6,"href":"https:\/\/sleeve.savaclinic.com\/es\/wp-json\/wp\/v2\/pages\/973\/revisions"}],"predecessor-version":[{"id":1018,"href":"https:\/\/sleeve.savaclinic.com\/es\/wp-json\/wp\/v2\/pages\/973\/revisions\/1018"}],"wp:attachment":[{"href":"https:\/\/sleeve.savaclinic.com\/es\/wp-json\/wp\/v2\/media?parent=973"}],"curies":[{"name":"wp","href":"https:\/\/api.w.org\/{rel}","templated":true}]}}